{"id":63016,"date":"2022-03-11T15:49:18","date_gmt":"2022-03-11T14:49:18","guid":{"rendered":"https:\/\/www.brewfist.com\/?post_type=product&#038;p=63016"},"modified":"2022-03-11T16:39:03","modified_gmt":"2022-03-11T15:39:03","slug":"mes","status":"publish","type":"product","link":"https:\/\/www.brewfist.com\/en\/shop\/mes","title":{"rendered":"MES"},"content":{"rendered":"<div class=\"wpb-content-wrapper\"><p>[vc_row el_class=&#8221;nascosto&#8221;][vc_column][\/vc_column][\/vc_row][vc_row][vc_column][vc_column_text]<\/p>\n<p>[\/vc_column_text][\/vc_column][\/vc_row]<\/p>\n<\/div>","protected":false},"excerpt":{"rendered":"<p>[vc_row el_class=&#8221;larghezzafissa&#8221;][vc_column][vc_column_text el_class=&#8221;&#8221;]<\/p>\n<p><img loading=\"lazy\" decoding=\"async\" class=\"alignnone wp-image-63017 size-full\" src=\"https:\/\/www.brewfist.com\/wp-content\/uploads\/2022\/03\/titolo-MES.png\" alt=\"\" width=\"270\" height=\"120\" srcset=\"https:\/\/www.brewfist.com\/wp-content\/uploads\/2022\/03\/titolo-MES.png 270w, https:\/\/www.brewfist.com\/wp-content\/uploads\/2022\/03\/titolo-MES-184x82.png 184w\" sizes=\"auto, (max-width: 270px) 100vw, 270px\" \/><\/p>\n<p>West Coast IPA &#8211; 7,0%<\/p>\n<p>Questa volta abbiamo un&#8217;ulteriore novita nelle materie prime, i luppoli utilizzati sono Mosaic, Ekuanot e Strata.<\/p>\n<p>Al naso e in bocca, nonostante non ci sia variazione sul grado alcolico, notiamo pi\u00f9 leggerezza e freschezza, le note maltate<br \/>\nsono pi\u00f9 nascoste rispetto alla versione originale e i sentori fruttati sono pi\u00f9 netti.<\/p>\n<p><strong>Plato:<\/strong> 16,0<br \/>\n<strong>Malti:<\/strong> Lager, CaraMalt<br \/>\n<strong>Luppoli:<\/strong> Mosaic, Ekuanot, Strata<\/p>\n[dt_gap height=\"30\" \/]\n<p style=\"text-align: center;\"><strong>Disponibilit\u00e0 tutto l&#8217;anno<\/strong><\/p>\n<p><img loading=\"lazy\" decoding=\"async\" class=\"size-medium wp-image-62496 aligncenter\" src=\"https:\/\/www.brewfist.com\/wp-content\/uploads\/2021\/06\/fisti-soling-320x158-1-300x151.png\" alt=\"\" width=\"300\" height=\"151\" srcset=\"https:\/\/www.brewfist.com\/wp-content\/uploads\/2021\/06\/fisti-soling-320x158-1-300x151.png 300w, https:\/\/www.brewfist.com\/wp-content\/uploads\/2021\/06\/fisti-soling-320x158-1-184x93.png 184w, https:\/\/www.brewfist.com\/wp-content\/uploads\/2021\/06\/fisti-soling-320x158-1.png 320w\" sizes=\"auto, (max-width: 300px) 100vw, 300px\" \/><\/p>\n<p style=\"text-align: center;\"><a href=\"https:\/\/www.brewfist.com\/wp-content\/uploads\/2022\/03\/Spaceten-Mes.png\" target=\"_blank\" rel=\"noopener noreferrer\"><img loading=\"lazy\" decoding=\"async\" class=\"alignnone wp-image-52979\" src=\"http:\/\/www.brewfist.com\/wp-content\/uploads\/2018\/04\/BOLLO-SPINA-bianco-300x300.png\" alt=\"\" width=\"58\" height=\"58\" srcset=\"https:\/\/www.brewfist.com\/wp-content\/uploads\/2018\/04\/BOLLO-SPINA-bianco-300x300.png 300w, https:\/\/www.brewfist.com\/wp-content\/uploads\/2018\/04\/BOLLO-SPINA-bianco-200x200.png 200w, https:\/\/www.brewfist.com\/wp-content\/uploads\/2018\/04\/BOLLO-SPINA-bianco-150x150.png 150w, https:\/\/www.brewfist.com\/wp-content\/uploads\/2018\/04\/BOLLO-SPINA-bianco-184x184.png 184w, https:\/\/www.brewfist.com\/wp-content\/uploads\/2018\/04\/BOLLO-SPINA-bianco.png 327w\" sizes=\"auto, (max-width: 58px) 100vw, 58px\" \/><\/a> <a href=\"https:\/\/www.brewfist.com\/wp-content\/uploads\/2022\/03\/MES.png\" target=\"_blank\" rel=\"noopener noreferrer\"><img loading=\"lazy\" decoding=\"async\" class=\"alignnone wp-image-52973\" title=\"Scarica il Poster\" src=\"http:\/\/www.brewfist.com\/wp-content\/uploads\/2018\/04\/POSTER-bianco-300x237.png\" alt=\"\" width=\"63\" height=\"50\" srcset=\"https:\/\/www.brewfist.com\/wp-content\/uploads\/2018\/04\/POSTER-bianco-300x237.png 300w, https:\/\/www.brewfist.com\/wp-content\/uploads\/2018\/04\/POSTER-bianco-184x146.png 184w, https:\/\/www.brewfist.com\/wp-content\/uploads\/2018\/04\/POSTER-bianco-368x291.png 368w, https:\/\/www.brewfist.com\/wp-content\/uploads\/2018\/04\/POSTER-bianco.png 421w\" sizes=\"auto, (max-width: 63px) 100vw, 63px\" \/><\/a><\/p>\n<p>[\/vc_column_text][\/vc_column][\/vc_row]<\/p>\n<div id=\"ritekit-alerts\"><\/div>\n<p><iframe id=\"ritetag-cps-check\" style=\"display: none;\" src=\"https:\/\/cdn.ritekit.com\/csp-cookie-check.html\"><\/iframe><\/p>\n","protected":false},"featured_media":63020,"template":"","meta":[],"product_brand":[],"product_cat":[333,335],"product_tag":[],"class_list":{"0":"post-63016","1":"product","2":"type-product","3":"status-publish","4":"has-post-thumbnail","6":"product_cat-brewfist-on-can-en","7":"product_cat-spaceten-en","8":"description-off","10":"first","11":"instock","12":"featured","13":"shipping-taxable","14":"purchasable","15":"product-type-simple"},"yoast_head":"<!-- This site is optimized with the Yoast SEO plugin v27.5 - https:\/\/yoast.com\/product\/yoast-seo-wordpress\/ -->\n<title>MES - Brewfist - Italian Ales<\/title>\n<meta name=\"robots\" content=\"noindex, follow\" \/>\n<meta property=\"og:locale\" content=\"en_US\" \/>\n<meta property=\"og:type\" content=\"article\" \/>\n<meta property=\"og:title\" content=\"MES - Brewfist - Italian Ales\" \/>\n<meta property=\"og:description\" content=\"[vc_row el_class=&quot;larghezzafissa&quot;][vc_column][vc_column_text el_class=&quot;&quot;]    West Coast IPA - 7,0%  Questa volta abbiamo un&#039;ulteriore novita nelle materie prime, i luppoli utilizzati sono Mosaic, Ekuanot e Strata.  Al naso e in bocca, nonostante non ci sia variazione sul grado alcolico, notiamo pi\u00f9 leggerezza e freschezza, le note maltate sono pi\u00f9 nascoste rispetto alla versione originale e i sentori fruttati sono pi\u00f9 netti.  Plato: 16,0 Malti: Lager, CaraMalt Luppoli: Mosaic, Ekuanot, Strata   Disponibilit\u00e0 tutto l&#039;anno    [\/vc_column_text][\/vc_column][\/vc_row]\" \/>\n<meta property=\"og:url\" content=\"https:\/\/www.brewfist.com\/en\/shop\/mes\/\" \/>\n<meta property=\"og:site_name\" content=\"Brewfist - Italian Ales\" \/>\n<meta property=\"article:publisher\" content=\"https:\/\/www.facebook.com\/brewfist\/\" \/>\n<meta property=\"article:modified_time\" content=\"2022-03-11T15:39:03+00:00\" \/>\n<meta property=\"og:image\" content=\"https:\/\/www.brewfist.com\/wp-content\/uploads\/2022\/03\/MES-368x1127-1.png\" \/>\n\t<meta property=\"og:image:width\" content=\"368\" \/>\n\t<meta property=\"og:image:height\" content=\"1127\" \/>\n\t<meta property=\"og:image:type\" content=\"image\/png\" \/>\n<meta name=\"twitter:card\" content=\"summary_large_image\" \/>\n<script type=\"application\/ld+json\" class=\"yoast-schema-graph\">{\"@context\":\"https:\\\/\\\/schema.org\",\"@graph\":[{\"@type\":\"WebPage\",\"@id\":\"https:\\\/\\\/www.brewfist.com\\\/en\\\/shop\\\/mes\\\/\",\"url\":\"https:\\\/\\\/www.brewfist.com\\\/en\\\/shop\\\/mes\\\/\",\"name\":\"MES - Brewfist - Italian Ales\",\"isPartOf\":{\"@id\":\"https:\\\/\\\/www.brewfist.com\\\/#website\"},\"primaryImageOfPage\":{\"@id\":\"https:\\\/\\\/www.brewfist.com\\\/en\\\/shop\\\/mes\\\/#primaryimage\"},\"image\":{\"@id\":\"https:\\\/\\\/www.brewfist.com\\\/en\\\/shop\\\/mes\\\/#primaryimage\"},\"thumbnailUrl\":\"https:\\\/\\\/www.brewfist.com\\\/wp-content\\\/uploads\\\/2022\\\/03\\\/MES-368x1127-1.png\",\"datePublished\":\"2022-03-11T14:49:18+00:00\",\"dateModified\":\"2022-03-11T15:39:03+00:00\",\"breadcrumb\":{\"@id\":\"https:\\\/\\\/www.brewfist.com\\\/en\\\/shop\\\/mes\\\/#breadcrumb\"},\"inLanguage\":\"en-US\",\"potentialAction\":[{\"@type\":\"ReadAction\",\"target\":[\"https:\\\/\\\/www.brewfist.com\\\/en\\\/shop\\\/mes\\\/\"]}]},{\"@type\":\"ImageObject\",\"inLanguage\":\"en-US\",\"@id\":\"https:\\\/\\\/www.brewfist.com\\\/en\\\/shop\\\/mes\\\/#primaryimage\",\"url\":\"https:\\\/\\\/www.brewfist.com\\\/wp-content\\\/uploads\\\/2022\\\/03\\\/MES-368x1127-1.png\",\"contentUrl\":\"https:\\\/\\\/www.brewfist.com\\\/wp-content\\\/uploads\\\/2022\\\/03\\\/MES-368x1127-1.png\",\"width\":368,\"height\":1127},{\"@type\":\"BreadcrumbList\",\"@id\":\"https:\\\/\\\/www.brewfist.com\\\/en\\\/shop\\\/mes\\\/#breadcrumb\",\"itemListElement\":[{\"@type\":\"ListItem\",\"position\":1,\"name\":\"Home\",\"item\":\"https:\\\/\\\/www.brewfist.com\\\/en\"},{\"@type\":\"ListItem\",\"position\":2,\"name\":\"Shop\",\"item\":\"https:\\\/\\\/www.brewfist.com\\\/shop-online\"},{\"@type\":\"ListItem\",\"position\":3,\"name\":\"MES\"}]},{\"@type\":\"WebSite\",\"@id\":\"https:\\\/\\\/www.brewfist.com\\\/#website\",\"url\":\"https:\\\/\\\/www.brewfist.com\\\/\",\"name\":\"Brewfist - Italian Ales\",\"description\":\"More Beer, More People\",\"potentialAction\":[{\"@type\":\"SearchAction\",\"target\":{\"@type\":\"EntryPoint\",\"urlTemplate\":\"https:\\\/\\\/www.brewfist.com\\\/?s={search_term_string}\"},\"query-input\":{\"@type\":\"PropertyValueSpecification\",\"valueRequired\":true,\"valueName\":\"search_term_string\"}}],\"inLanguage\":\"en-US\"}]}<\/script>\n<!-- \/ Yoast SEO plugin. -->","yoast_head_json":{"title":"MES - Brewfist - Italian Ales","robots":{"index":"noindex","follow":"follow"},"og_locale":"en_US","og_type":"article","og_title":"MES - Brewfist - Italian Ales","og_description":"[vc_row el_class=\"larghezzafissa\"][vc_column][vc_column_text el_class=\"\"]    West Coast IPA - 7,0%  Questa volta abbiamo un'ulteriore novita nelle materie prime, i luppoli utilizzati sono Mosaic, Ekuanot e Strata.  Al naso e in bocca, nonostante non ci sia variazione sul grado alcolico, notiamo pi\u00f9 leggerezza e freschezza, le note maltate sono pi\u00f9 nascoste rispetto alla versione originale e i sentori fruttati sono pi\u00f9 netti.  Plato: 16,0 Malti: Lager, CaraMalt Luppoli: Mosaic, Ekuanot, Strata   Disponibilit\u00e0 tutto l'anno    [\/vc_column_text][\/vc_column][\/vc_row]","og_url":"https:\/\/www.brewfist.com\/en\/shop\/mes\/","og_site_name":"Brewfist - Italian Ales","article_publisher":"https:\/\/www.facebook.com\/brewfist\/","article_modified_time":"2022-03-11T15:39:03+00:00","og_image":[{"width":368,"height":1127,"url":"https:\/\/www.brewfist.com\/wp-content\/uploads\/2022\/03\/MES-368x1127-1.png","type":"image\/png"}],"twitter_card":"summary_large_image","schema":{"@context":"https:\/\/schema.org","@graph":[{"@type":"WebPage","@id":"https:\/\/www.brewfist.com\/en\/shop\/mes\/","url":"https:\/\/www.brewfist.com\/en\/shop\/mes\/","name":"MES - Brewfist - Italian Ales","isPartOf":{"@id":"https:\/\/www.brewfist.com\/#website"},"primaryImageOfPage":{"@id":"https:\/\/www.brewfist.com\/en\/shop\/mes\/#primaryimage"},"image":{"@id":"https:\/\/www.brewfist.com\/en\/shop\/mes\/#primaryimage"},"thumbnailUrl":"https:\/\/www.brewfist.com\/wp-content\/uploads\/2022\/03\/MES-368x1127-1.png","datePublished":"2022-03-11T14:49:18+00:00","dateModified":"2022-03-11T15:39:03+00:00","breadcrumb":{"@id":"https:\/\/www.brewfist.com\/en\/shop\/mes\/#breadcrumb"},"inLanguage":"en-US","potentialAction":[{"@type":"ReadAction","target":["https:\/\/www.brewfist.com\/en\/shop\/mes\/"]}]},{"@type":"ImageObject","inLanguage":"en-US","@id":"https:\/\/www.brewfist.com\/en\/shop\/mes\/#primaryimage","url":"https:\/\/www.brewfist.com\/wp-content\/uploads\/2022\/03\/MES-368x1127-1.png","contentUrl":"https:\/\/www.brewfist.com\/wp-content\/uploads\/2022\/03\/MES-368x1127-1.png","width":368,"height":1127},{"@type":"BreadcrumbList","@id":"https:\/\/www.brewfist.com\/en\/shop\/mes\/#breadcrumb","itemListElement":[{"@type":"ListItem","position":1,"name":"Home","item":"https:\/\/www.brewfist.com\/en"},{"@type":"ListItem","position":2,"name":"Shop","item":"https:\/\/www.brewfist.com\/shop-online"},{"@type":"ListItem","position":3,"name":"MES"}]},{"@type":"WebSite","@id":"https:\/\/www.brewfist.com\/#website","url":"https:\/\/www.brewfist.com\/","name":"Brewfist - Italian Ales","description":"More Beer, More People","potentialAction":[{"@type":"SearchAction","target":{"@type":"EntryPoint","urlTemplate":"https:\/\/www.brewfist.com\/?s={search_term_string}"},"query-input":{"@type":"PropertyValueSpecification","valueRequired":true,"valueName":"search_term_string"}}],"inLanguage":"en-US"}]}},"_links":{"self":[{"href":"https:\/\/www.brewfist.com\/en\/wp-json\/wp\/v2\/product\/63016","targetHints":{"allow":["GET"]}}],"collection":[{"href":"https:\/\/www.brewfist.com\/en\/wp-json\/wp\/v2\/product"}],"about":[{"href":"https:\/\/www.brewfist.com\/en\/wp-json\/wp\/v2\/types\/product"}],"wp:featuredmedia":[{"embeddable":true,"href":"https:\/\/www.brewfist.com\/en\/wp-json\/wp\/v2\/media\/63020"}],"wp:attachment":[{"href":"https:\/\/www.brewfist.com\/en\/wp-json\/wp\/v2\/media?parent=63016"}],"wp:term":[{"taxonomy":"product_brand","embeddable":true,"href":"https:\/\/www.brewfist.com\/en\/wp-json\/wp\/v2\/product_brand?post=63016"},{"taxonomy":"product_cat","embeddable":true,"href":"https:\/\/www.brewfist.com\/en\/wp-json\/wp\/v2\/product_cat?post=63016"},{"taxonomy":"product_tag","embeddable":true,"href":"https:\/\/www.brewfist.com\/en\/wp-json\/wp\/v2\/product_tag?post=63016"}],"curies":[{"name":"wp","href":"https:\/\/api.w.org\/{rel}","templated":true}]}}